{"id":74,"date":"2024-05-15T06:35:32","date_gmt":"2024-05-15T06:35:32","guid":{"rendered":"https:\/\/dichvusuacuasaigon.com\/?page_id=74"},"modified":"2024-10-15T21:42:58","modified_gmt":"2024-10-15T14:42:58","slug":"bao-tri-2","status":"publish","type":"page","link":"https:\/\/dichvusuacuasaigon.com\/index.php\/bao-tri-2\/","title":{"rendered":"B\u1ea3o tr\u00ec"},"content":{"rendered":"\n<p><strong>Ch\u00ednh s\u00e1ch B\u1ea3o h\u00e0nh c\u1eeda c\u1ee7a D\u1ecaCH V\u0168 S\u1eecA C\u1eecA S\u00c0I G\u00d2N<\/strong><\/p>\n\n\n\n<p>Trong th\u1eddi gian s\u1eed d\u1ee5ng c\u00e1c s\u1ea3n ph\u1ea9m do ch\u00fang t\u00f4i thi c\u00f4ng v\u00e0 l\u1eafp \u0111\u1eb7t. N\u1ebfu g\u1eb7p b\u1ea5t k\u1ef3 tr\u1ee5c tr\u1eb7c n\u00e0o Qu\u00fd kh\u00e1ch h\u00e0ng c\u00f3 th\u1ec3 li\u00ean l\u1ea1c tr\u1ef1c ti\u1ebfp v\u1edbi s\u1ed1 Hotline: 0901371781 \u0111\u1ec3 \u0111\u01b0\u1ee3c tr\u1ee3 gi\u00fap.<\/p>\n\n\n\n<p><strong>I\/ B\u1ea3o h\u00e0nh:<\/strong><\/p>\n\n\n\n<p>\u2013 B\u1ea3o h\u00e0nh thay th\u1ebf ho\u1eb7c s\u1eeda ch\u1eefa c\u00e1c ph\u1ee5 ki\u1ec7n do l\u1ed7i c\u1ee7a nh\u00e0 s\u1ea3n xu\u1ea5t.<\/p>\n\n\n\n<p>\u2013 B\u1ea3o h\u00e0nh c\u00e1c l\u1ed7i v\u00e0 s\u1ef1 c\u1ed1 h\u1ecfng h\u00f3c do qu\u00e1 tr\u00ecnh l\u1eafp \u0111\u1eb7t c\u1ee7a k\u1ef9 thu\u1eadt vi\u00ean b\u00ean D\u1ecaCH V\u1ee4 S\u1eecA C\u1eecA S\u00c0I G\u00d2N<\/p>\n\n\n\n<p><strong>II\/ Quy \u0111\u1ecbnh v\u1ec1 b\u1ea3o h\u00e0nh:<\/strong><\/p>\n\n\n\n<p>\u2013 Ph\u1ee5 ki\u1ec7n \u0111\u01b0\u1ee3c b\u1ea3o h\u00e0nh mi\u1ec5n ph\u00ed n\u1ebfu s\u1ea3n ph\u1ea9m \u0111\u00f3 c\u00f2n th\u1eddi h\u1ea1n b\u1ea3o h\u00e0nh \u0111\u01b0\u1ee3c t\u00ednh k\u1ec3 t\u1eeb ng\u00e0y l\u1eafp \u0111\u1eb7t ho\u00e0n thi\u1ec7n nghi\u1ec7m thu.<\/p>\n\n\n\n<p>\u2013 Th\u1eddi h\u1ea1n b\u1ea3o h\u00e0nh ph\u1ee5 ki\u1ec7n theo quy \u0111\u1ecbnh nh\u00e0 s\u1ea3n xu\u1ea5t ph\u1ee5 ki\u1ec7n l\u00e0 1 n\u0103m&nbsp; ho\u1eb7c theo th\u1eddi gian c\u1ee7a tu\u1ef3 nh\u00e0 s\u1ea3n xu\u1ea5t v\u00e0 t\u1eebng h\u1ec7 c\u1eeda m\u00e0 kh\u00e1ch h\u00e0ng ch\u1ecdn.<\/p>\n\n\n\n<p><strong>III\/ Nh\u1eefng tr\u01b0\u1eddng h\u1ee3p kh\u00f4ng \u0111\u01b0\u1ee3c b\u1ea3o h\u00e0nh:<\/strong><\/p>\n\n\n\n<p>\u2013 S\u1ea3n ph\u1ea9m \u0111\u00e3 qu\u00e1 th\u1eddi h\u1ea1n b\u1ea3o h\u00e0nh t\u00ednh t\u1eeb ng\u00e0y nghi\u1ec7m thu ho\u00e0n thi\u1ec7n.<\/p>\n\n\n\n<p>\u2013 S\u1ea3n ph\u1ea9m b\u1ecb h\u01b0 h\u1ecfng do t\u00e1c \u0111\u1ed9ng c\u01a1 h\u1ecdc l\u00e0m v\u1ee1, va \u0111\u1eadp, tr\u1ea7y x\u01b0\u1edbc, m\u00f3p m\u00e9o, t\u00e1c \u0111\u1ed9ng c\u1ee7a ch\u1ea5t h\u00f3a h\u1ecdc g\u00e2y \u1ed1, b\u1ea9n ho\u1eb7c do h\u1ecfa ho\u1ea1n, thi\u00ean tai g\u00e2y n\u00ean.<\/p>\n\n\n\n<p>\u2013 T\u1ef1 \u00fd th\u00e1o d\u1ee1, s\u1eeda ch\u1eefa b\u1edfi c\u00e1c c\u00e1 nh\u00e2n ho\u1eb7c k\u1ef9 thu\u1eadt vi\u00ean kh\u00f4ng \u0111\u01b0\u1ee3c s\u1ef1 \u1ee7y quy\u1ec1n c\u1ee7a Vi\u1ec7t Phong.<\/p>\n\n\n\n<p><strong>IV\/ B\u1ea3o tr\u00ec,x\u1eed l\u00fd s\u1ef1 c\u1ed1<\/strong><\/p>\n\n\n\n<p>Bao g\u1ed3m: X\u1eed l\u00fd c\u00e1c tr\u01b0\u1eddng h\u1ee3p th\u1ea5m n\u01b0\u1edbc, r\u00f2 n\u01b0\u1edbc ho\u1eb7c n\u01b0\u1edbc ch\u1ea3y qua khe h\u1edf\u2026..vv\u2026. Th\u1eddi gian b\u1ea3o tr\u00ec t\u00f9y thu\u1ed9c v\u00e0o s\u1ef1 th\u1ecfa thu\u1eadn gi\u1eefa D\u1ecaCH V\u1ee4 S\u1eecA C\u1eecA S\u00c0I G\u00d2N v\u00e0 kh\u00e1ch h\u00e0ng.<\/p>\n\n\n\n<p><strong>V\/Li\u00ean h\u1ec7, th\u1eafc m\u1eafc, khi\u1ebfu n\u1ea1i v\u1ec1 v\u1ea5n \u0111\u1ec1 b\u1ea3o h\u00e0nh, x\u1eed l\u00fd s\u1ef1 c\u1ed1:<\/strong><\/p>\n\n\n\n<p>Xin Qu\u00fd kh\u00e1ch vui l\u00f2ng li\u00ean h\u1ec7: 0901371781<\/p>\n","protected":false},"excerpt":{"rendered":"<p>Ch\u00ednh s\u00e1ch B\u1ea3o h\u00e0nh c\u1eeda c\u1ee7a D\u1ecaCH V\u0168 S\u1eecA C\u1eecA S\u00c0I G\u00d2N Trong th\u1eddi gian<\/p>\n","protected":false},"author":1,"featured_media":0,"parent":0,"menu_order":0,"comment_status":"closed","ping_status":"closed","template":"","meta":{"footnotes":""},"class_list":["post-74","page","type-page","status-publish","hentry"],"_links":{"self":[{"href":"https:\/\/dichvusuacuasaigon.com\/index.php\/wp-json\/wp\/v2\/pages\/74","targetHints":{"allow":["GET"]}}],"collection":[{"href":"https:\/\/dichvusuacuasaigon.com\/index.php\/wp-json\/wp\/v2\/pages"}],"about":[{"href":"https:\/\/dichvusuacuasaigon.com\/index.php\/wp-json\/wp\/v2\/types\/page"}],"author":[{"embeddable":true,"href":"https:\/\/dichvusuacuasaigon.com\/index.php\/wp-json\/wp\/v2\/users\/1"}],"replies":[{"embeddable":true,"href":"https:\/\/dichvusuacuasaigon.com\/index.php\/wp-json\/wp\/v2\/comments?post=74"}],"version-history":[{"count":2,"href":"https:\/\/dichvusuacuasaigon.com\/index.php\/wp-json\/wp\/v2\/pages\/74\/revisions"}],"predecessor-version":[{"id":446,"href":"https:\/\/dichvusuacuasaigon.com\/index.php\/wp-json\/wp\/v2\/pages\/74\/revisions\/446"}],"wp:attachment":[{"href":"https:\/\/dichvusuacuasaigon.com\/index.php\/wp-json\/wp\/v2\/media?parent=74"}],"curies":[{"name":"wp","href":"https:\/\/api.w.org\/{rel}","templated":true}]}}