{"id":37,"date":"2024-05-15T06:30:06","date_gmt":"2024-05-15T06:30:06","guid":{"rendered":"https:\/\/dichvusuacuasaigon.com\/?page_id=37"},"modified":"2024-06-11T17:01:22","modified_gmt":"2024-06-11T10:01:22","slug":"cua-kinh","status":"publish","type":"page","link":"https:\/\/dichvusuacuasaigon.com\/index.php\/cua-kinh\/","title":{"rendered":"C\u1eeda k\u00ednh"},"content":{"rendered":"\n<p><strong>KHI N\u00c0O C\u1ea6N S\u1eecA C\u1eecA K\u00cdNH C\u01af\u1edcNG L\u1ef0C V\u00c0 THAY TH\u1ebe K\u00cdNH C\u01af\u1edcNG L\u1ef0C?<\/strong><\/p>\n\n\n\n<ol class=\"wp-block-list\">\n<li>S\u1eeda c\u1eeda k\u00ednh c\u01b0\u1eddng l\u1ef1c C\u00e1nh c\u1eeda b\u1ecb x\u1ec7, x\u1ed9c x\u1ec7ch, c\u1ea1 n\u1ec1n, hai t\u1ea5m k\u00ednh c\u1ea1 v\u00e0o nhau, c\u1eeda b\u1ecb g\u1ee5c \u0111\u1ea7u.<\/li>\n\n\n\n<li>S\u1eeda c\u1eeda k\u00ednh c\u01b0\u1eddng l\u1ef1c \u0111\u00f3ng m\u1edf n\u1eb7ng, \u0111\u00f3ng m\u1edf nhanh, \u0111\u00f3ng m\u1edf g\u00e2y \u00e2m thanh kh\u00f3 ch\u1ecbu, c\u00e1nh c\u1eeda \u0111\u00f3ng kh\u00f4ng kh\u00edt, kh\u00f4ng h\u00edt.<\/li>\n\n\n\n<li>S\u1eeda ch\u1eefa, thay th\u1ebf b\u1ea3n l\u1ec1 \u00e2m s\u00e0n c\u1eeda K\u00ednh, b\u1ea3n l\u1ec1 c\u1eeda nh\u00e0 t\u1eafm, k\u1eb9p k\u00ednh, b\u1ea3n l\u1ec1h\u1ecfng, k\u1eb9p k\u00ednh b\u1ecb l\u1ecfng, b\u1ecb g\u00e3y .<\/li>\n\n\n\n<li>S\u1eeda ch\u1eefa l\u1ed7i c\u00e1nh c\u1eeda b\u1ecb tr\u00f4i h\u00e0nh tr\u00ecnh \u0111\u00f3ng m\u1edf, c\u00e1nh c\u1eeda \u0111\u00f3ng m\u1edf nhanh, kh\u00f3 \u0111\u00f3ng m\u1edf, c\u00e1nh c\u1eeda kh\u00f4ng tr\u1ea3 v\u1ec1 \u0111\u01b0\u1ee3c v\u1ecb tr\u00ed ban \u0111\u1ea7u, kho\u00e1 t\u1eeb c\u1eeda k\u00ednh kh\u00f4ng ch\u1ed1t \u0111\u01b0\u1ee3c k\u00eau c\u1ecdc c\u1ea1ch.<\/li>\n\n\n\n<li>Thay th\u1ebf k\u00ednh b\u1ecb b\u1ec3, n\u1ee9t, b\u1ecb n\u1ed5. Nh\u00e2n vi\u00ean k\u1ef9 thu\u1eadt s\u1ebd \u0111\u1ebfn t\u1eadn n\u01a1i t\u01b0 v\u1ea5n, kh\u1ea3o s\u00e1t \u0111o \u0111\u1ea1c k\u1ef9 l\u01b0\u1ee1ng v\u00e0 ti\u1ebfn h\u00e0nh th\u00e1o l\u1eafp thay th\u1ebf k\u00ednh m\u1edbi \u0111\u1ec3 \u0111\u1ea3m b\u1ea3o \u0111\u1ed9 an to\u00e0n v\u00e0 th\u1ea9m m\u1ef9.<\/li>\n\n\n\n<li>Thay kho\u00e1 s\u00e0n c\u1eeda k\u00ednh c\u01b0\u1eddng l\u1ef1c, kho\u00e1 c\u1eeda l\u00f9a, kho\u00e1 c\u1eeda k\u00ednh kh\u00f4ng c\u1ea7n khoan l\u1ed7, S\u1eeda tay n\u1eafm c\u1eeda k\u00ednh b\u1ecb l\u1ecfng, thay m\u1edbi tay n\u1eafm c\u1eeda k\u00ednh Inox304.<\/li>\n<\/ol>\n\n\n<div class=\"wp-block-image\">\n<figure class=\"aligncenter\"><img loading=\"lazy\" decoding=\"async\" width=\"600\" height=\"444\" src=\"https:\/\/dichvusuacuasaigon.com\/wp-content\/uploads\/2024\/06\/cua-kinh-cuong-luc-dep-gia-re-1.jpg\" alt=\"\" class=\"wp-image-265\"\/><\/figure>\n<\/div>\n\n\n<div class=\"wp-block-columns alignwide is-layout-flex wp-container-core-columns-is-layout-9d6595d7 wp-block-columns-is-layout-flex\">\n<div class=\"wp-block-column is-layout-flow wp-block-column-is-layout-flow\" style=\"flex-basis:45%\">\n<div class=\"wp-block-group alignfull has-contrast-color has-text-color is-vertical is-content-justification-stretch is-layout-flex wp-container-core-group-is-layout-3a665eb0 wp-block-group-is-layout-flex\" style=\"min-height:40vh;margin-top:0;margin-bottom:0;padding-top:var(--wp--preset--spacing--60);padding-right:var(--wp--preset--spacing--50);padding-bottom:var(--wp--preset--spacing--60);padding-left:var(--wp--preset--spacing--50)\">\n\n\n<ul class=\"wp-block-social-links has-normal-icon-size is-style-logos-only is-nowrap is-layout-flex wp-container-core-social-links-is-layout-53bee8aa wp-block-social-links-is-layout-flex\">\n\n<\/ul>\n<\/div>\n\n\n\n<div style=\"height:285px\" aria-hidden=\"true\" class=\"wp-block-spacer\"><\/div>\n<\/div>\n<\/div>\n","protected":false},"excerpt":{"rendered":"<p>KHI N\u00c0O C\u1ea6N S\u1eecA C\u1eecA K\u00cdNH C\u01af\u1edcNG L\u1ef0C V\u00c0 THAY TH\u1ebe K\u00cdNH C\u01af\u1edcNG L\u1ef0C?<\/p>\n","protected":false},"author":1,"featured_media":0,"parent":0,"menu_order":0,"comment_status":"closed","ping_status":"closed","template":"","meta":{"footnotes":""},"class_list":["post-37","page","type-page","status-publish","hentry"],"_links":{"self":[{"href":"https:\/\/dichvusuacuasaigon.com\/index.php\/wp-json\/wp\/v2\/pages\/37","targetHints":{"allow":["GET"]}}],"collection":[{"href":"https:\/\/dichvusuacuasaigon.com\/index.php\/wp-json\/wp\/v2\/pages"}],"about":[{"href":"https:\/\/dichvusuacuasaigon.com\/index.php\/wp-json\/wp\/v2\/types\/page"}],"author":[{"embeddable":true,"href":"https:\/\/dichvusuacuasaigon.com\/index.php\/wp-json\/wp\/v2\/users\/1"}],"replies":[{"embeddable":true,"href":"https:\/\/dichvusuacuasaigon.com\/index.php\/wp-json\/wp\/v2\/comments?post=37"}],"version-history":[{"count":4,"href":"https:\/\/dichvusuacuasaigon.com\/index.php\/wp-json\/wp\/v2\/pages\/37\/revisions"}],"predecessor-version":[{"id":268,"href":"https:\/\/dichvusuacuasaigon.com\/index.php\/wp-json\/wp\/v2\/pages\/37\/revisions\/268"}],"wp:attachment":[{"href":"https:\/\/dichvusuacuasaigon.com\/index.php\/wp-json\/wp\/v2\/media?parent=37"}],"curies":[{"name":"wp","href":"https:\/\/api.w.org\/{rel}","templated":true}]}}