{"id":34,"date":"2024-05-15T06:30:06","date_gmt":"2024-05-15T06:30:06","guid":{"rendered":"https:\/\/dichvusuacuasaigon.com\/?page_id=34"},"modified":"2024-06-11T16:28:14","modified_gmt":"2024-06-11T09:28:14","slug":"cua-xingfa","status":"publish","type":"page","link":"https:\/\/dichvusuacuasaigon.com\/index.php\/cua-xingfa\/","title":{"rendered":"S\u1eeda ch\u1eefa c\u1eeda xingfa"},"content":{"rendered":"\n<ol class=\"wp-block-list\" style=\"list-style-type:upper-roman\">\n<li><strong>Nh\u1eefng tr\u01b0\u1eddng h\u1ee3p l\u01b0u \u00fd c\u1ea7n s\u1eeda c\u1eeda Xingfa \u0111\u1ec3 \u0111\u1ea3m b\u1ea3o an to\u00e0n cho ng\u00f4i nh\u00e0 b\u1ea1n:<\/strong><\/li>\n<\/ol>\n\n\n\n<p>Sau m\u1ed9t th\u1eddi gian \u0111\u01b0a v\u00e0o ho\u1ea1t \u0111\u1ed9ng th\u00ec ch\u00fang s\u1ebd kh\u00f4ng th\u1ec3 n\u00e0o tr\u00e1nh kh\u1ecfi x\u1ea3y ra r\u1ea5t nhi\u1ec1u s\u1ef1 c\u1ed1 m\u1ed9t v\u00e0i v\u00ed d\u1ee5 nh\u01b0: c\u1eeda k\u00ednh b\u1ecb x\u1eadp x\u1ec7p, hay k\u00ednh b\u1ecb v\u1ee1, ho\u1eb7c l\u00e0 c\u1eeda m\u1edf ra, v\u00e0o kh\u00e1 kh\u00f3 kh\u0103n, kh\u00f3a c\u1eeda b\u1ecb k\u1eb9t, b\u1ecb h\u01b0,\u2026? <em>C\u00f3 ph\u1ea3i qu\u00fd anh ch\u1ecb \u0111ang c\u00f3 nhu c\u1ea7u mu\u1ed1n t\u00ecm ki\u1ebfm m\u1ed9t d\u1ecbch v\u1ee5 s\u1eeda c\u1eeda nh\u00f4m k\u00ednh Tphcm t\u1ea1i nh\u00e0 hay mu\u1ed1n thi c\u00f4ng c\u1eeda nh\u00f4m k\u00ednh gi\u00e1 r\u1ebb tr\u1ecdn g\u00f3i theo y\u00eau c\u1ea7u. H\u00e3y li\u00ean h\u1ec7 ngay cho ch\u00fang t\u00f4i <\/em><strong>Hotline: 0901 371 781<\/strong><\/p>\n\n\n\n<p>C\u00e1nh c\u1eeda b\u1ecb x\u1ec7, c\u1ea1 n\u1ec1n, hai c\u00e1nh va v\u00e0o nhau, c\u1eeda b\u1ecb g\u1ee5c \u0111\u1ea7u, \u0111\u1ed9 h\u1edf tr\u00ean d\u01b0\u1edbi kh\u00f4ng \u0111\u1ec1u nhau, l\u1ec7ch nhau,\u00a0C\u00e1nh c\u1eeda \u0111\u00f3ng kh\u00f4ng kh\u00edt, h\u1edf to l\u00e0m tho\u00e1t h\u01a1i \u0111i\u1ec1u ho\u00e0, kh\u00f3i b\u1ee5i, n\u01b0\u1edbc m\u01b0a t\u1ea1t.<\/p>\n\n\n\n<p>C\u00e1nh c\u1eeda \u0111\u00f3ng m\u1edf v\u1edbi t\u1ed1c \u0111\u1ed9 nhanh, kh\u00f3 \u0111\u00f3ng m\u1edf, \u0111\u00f3ng m\u1edf g\u00e2y \u00e2m thanh kh\u00f3 ch\u1ecbu.&nbsp;B\u1ea3n l\u1ec1 \u00e2m s\u00e0n b\u1ecb bung d\u1ea7u thu\u1ef7 l\u1ef1c, m\u1ea5t h\u01a1i l\u00e0m t\u1ed1c \u0111\u1ed9 c\u1eeda b\u1ecb \u0111\u00f3ng m\u1edf nhanh ho\u1eb7c \u0111\u00f3ng kh\u00f4ng kh\u00edt.&nbsp;&nbsp;C\u1eeda k\u00ednh l\u00f9a b\u1ecb tr\u00f4i kh\u1ecfi h\u00e0nh tr\u00ecnh, l\u00f9a b\u1ecb n\u1eb7ng, b\u1ecb x\u1ec7, b\u00e1nh xe nh\u1ea3y c\u00f3c, b\u1ec3 b\u00e1nh xe.<\/p>\n\n\n\n<p>k\u00ednh b\u1ecb l\u1ecfng do b\u1ecb teo ron ho\u1eb7c m\u1ea5t ron, b\u1ecb g\u00e3y, c\u1ed1t ng\u00f5ng ph\u00eda tr\u00ean b\u1ecb l\u1ecfng d\u1ec5 l\u00e0m cho c\u00e1nh c\u1eeda c\u00f3 th\u1ec3 b\u1ecb \u0111\u1ed7 ng\u00e3 g\u00e2y n\u1ed5 k\u00ednh. N\u1eafp inox c\u1ee7a k\u1eb9p k\u00ednh b\u1ecb l\u1ecfng, r\u01a1i m\u1ea5t.\u00a0\u00d4 ch\u1ebft tr\u00ean \u0111\u1ea7u b\u1ecb x\u1ec7 xu\u1ed1ng, c\u1ea1 v\u00e0o c\u00e1nh c\u1eeda, \u0111\u00f3ng m\u1edf c\u1eeda l\u00e0m rung c\u1ea3 to\u00e0n b\u1ed9 v\u00e1ch k\u00ednh.<\/p>\n\n\n\n<p>C\u1eeda k\u00ednh nh\u00e0 t\u1eafm b\u1ecb bung l\u1ec1, g\u00e3y l\u1ec1.&nbsp;N\u1eb9p k\u00ednh b\u1ecb \u1ed1 v\u00e0ng, l\u1ecfng v\u00e0 r\u01a1i ra, b\u1ecb b\u1ec3.&nbsp;Tay n\u1eafm c\u1eeda b\u1ecb l\u1ecfng, g\u00e3y, Kho\u00e1 c\u1eeda l\u1ecfng x\u1ec7 xu\u1ed1ng l\u00e0m c\u00e1nh b\u1ecb c\u1ea1 n\u1ec1n, Kho\u00e1 c\u1eeda b\u1ecb k\u1eb9t kh\u00f3 \u0111\u1ecfng m\u1edf.<\/p>\n\n\n\n<p>M\u1ed9t s\u1ed1 t\u00ednh hu\u1ed1ng kh\u1ea9n c\u1ea5p nh\u01b0 k\u00ednh c\u1eeda b\u1ecb n\u1ed5, m\u1ea5t ch\u00eca kho\u00e1, k\u1eb9t kho\u00e1. c\u1eeda Nh\u00f4m, c\u1eeda Nh\u1ef1a l\u00f5i th\u00e9p b\u1ecb g\u00e3y b\u1ea3n l\u1ec1, x\u1ec7 c\u1eeda c\u1ea1 xu\u1ed1ng n\u1ec1n. G\u00e3y ch\u1ed1t \u00e2m, ch\u1ed1t kho\u00e1 c\u00e1nh ph\u1ee5, k\u1eb9t c\u1eeda kh\u00f4ng \u0111\u00f3ng m\u1edf \u0111\u01b0\u1ee3c.<\/p>\n","protected":false},"excerpt":{"rendered":"<p>Sau m\u1ed9t th\u1eddi gian \u0111\u01b0a v\u00e0o ho\u1ea1t \u0111\u1ed9ng th\u00ec ch\u00fang s\u1ebd kh\u00f4ng th\u1ec3 n\u00e0o tr\u00e1nh<\/p>\n","protected":false},"author":1,"featured_media":0,"parent":0,"menu_order":0,"comment_status":"closed","ping_status":"closed","template":"","meta":{"footnotes":""},"class_list":["post-34","page","type-page","status-publish","hentry"],"_links":{"self":[{"href":"https:\/\/dichvusuacuasaigon.com\/index.php\/wp-json\/wp\/v2\/pages\/34","targetHints":{"allow":["GET"]}}],"collection":[{"href":"https:\/\/dichvusuacuasaigon.com\/index.php\/wp-json\/wp\/v2\/pages"}],"about":[{"href":"https:\/\/dichvusuacuasaigon.com\/index.php\/wp-json\/wp\/v2\/types\/page"}],"author":[{"embeddable":true,"href":"https:\/\/dichvusuacuasaigon.com\/index.php\/wp-json\/wp\/v2\/users\/1"}],"replies":[{"embeddable":true,"href":"https:\/\/dichvusuacuasaigon.com\/index.php\/wp-json\/wp\/v2\/comments?post=34"}],"version-history":[{"count":5,"href":"https:\/\/dichvusuacuasaigon.com\/index.php\/wp-json\/wp\/v2\/pages\/34\/revisions"}],"predecessor-version":[{"id":263,"href":"https:\/\/dichvusuacuasaigon.com\/index.php\/wp-json\/wp\/v2\/pages\/34\/revisions\/263"}],"wp:attachment":[{"href":"https:\/\/dichvusuacuasaigon.com\/index.php\/wp-json\/wp\/v2\/media?parent=34"}],"curies":[{"name":"wp","href":"https:\/\/api.w.org\/{rel}","templated":true}]}}