{"id":128,"date":"2024-05-15T06:51:27","date_gmt":"2024-05-15T06:51:27","guid":{"rendered":"https:\/\/dichvusuacuasaigon.com\/?page_id=128"},"modified":"2024-09-20T11:52:55","modified_gmt":"2024-09-20T04:52:55","slug":"cua-cuon-duc","status":"publish","type":"page","link":"https:\/\/dichvusuacuasaigon.com\/index.php\/cua-cuon-duc\/","title":{"rendered":"C\u1eeda cu\u1ed1n \u0110\u1ee9c"},"content":{"rendered":"\n<h4 class=\"wp-block-heading\">1. <strong>C\u1eeda Cu\u1ed1n \u0110\u1ee9c<\/strong><\/h4>\n\n\n\n<p>C\u1eeda cu\u1ed1n \u0110\u1ee9c l\u00e0 d\u00f2ng c\u1eeda cu\u1ed1n cao c\u1ea5p, \u0111\u01b0\u1ee3c s\u1ea3n xu\u1ea5t theo c\u00f4ng ngh\u1ec7 ti\u00ean ti\u1ebfn c\u1ee7a \u0110\u1ee9c, n\u1ed5i ti\u1ebfng v\u1edbi \u0111\u1ed9 b\u1ec1n b\u1ec9, an to\u00e0n v\u00e0 v\u1eadn h\u00e0nh \u00eam \u00e1i. D\u00f2ng c\u1eeda n\u00e0y \u0111\u01b0\u1ee3c \u0111\u00e1nh gi\u00e1 cao v\u1ec1 ch\u1ea5t l\u01b0\u1ee3ng v\u00e0 \u0111\u1ed9 tin c\u1eady, th\u01b0\u1eddng \u0111\u01b0\u1ee3c s\u1eed d\u1ee5ng trong c\u00e1c c\u00f4ng tr\u00ecnh nh\u00e0 \u1edf cao c\u1ea5p, bi\u1ec7t th\u1ef1, hay c\u00e1c khu th\u01b0\u01a1ng m\u1ea1i, v\u0103n ph\u00f2ng c\u1ea7n t\u00ednh b\u1ea3o m\u1eadt v\u00e0 th\u1ea9m m\u1ef9 cao.<\/p>\n\n\n\n<p><strong>\u0110\u1eb7c \u0111i\u1ec3m c\u1ee7a c\u1eeda cu\u1ed1n \u0110\u1ee9c<\/strong>:<\/p>\n\n\n\n<ul class=\"wp-block-list\">\n<li><strong>Ch\u1ea5t li\u1ec7u nh\u00f4m h\u1ee3p kim cao c\u1ea5p<\/strong>: C\u1eeda cu\u1ed1n \u0110\u1ee9c \u0111\u01b0\u1ee3c l\u00e0m t\u1eeb nh\u00f4m h\u1ee3p kim si\u00eau b\u1ec1n, c\u00f3 kh\u1ea3 n\u0103ng ch\u1ed1ng \u0103n m\u00f2n, kh\u00f4ng b\u1ecb oxy h\u00f3a d\u01b0\u1edbi t\u00e1c \u0111\u1ed9ng c\u1ee7a th\u1eddi ti\u1ebft kh\u1eafc nghi\u1ec7t, \u0111\u1ea3m b\u1ea3o tu\u1ed5i th\u1ecd l\u00e2u d\u00e0i.<\/li>\n\n\n\n<li><strong>C\u00f4ng ngh\u1ec7 s\u01a1n t\u0129nh \u0111i\u1ec7n<\/strong>: B\u1ec1 m\u1eb7t c\u1eeda \u0111\u01b0\u1ee3c ph\u1ee7 l\u1edbp s\u01a1n t\u0129nh \u0111i\u1ec7n cao c\u1ea5p gi\u00fap c\u1eeda lu\u00f4n gi\u1eef \u0111\u01b0\u1ee3c m\u00e0u s\u1eafc t\u01b0\u01a1i s\u00e1ng, b\u1ec1n \u0111\u1eb9p v\u00e0 ch\u1ed1ng tr\u1ea7y x\u01b0\u1edbc t\u1ed1t.<\/li>\n\n\n\n<li><strong>V\u1eadn h\u00e0nh \u00eam \u00e1i<\/strong>: C\u1eeda cu\u1ed1n \u0110\u1ee9c \u0111\u01b0\u1ee3c trang b\u1ecb c\u00f4ng ngh\u1ec7 gi\u1ea3m ch\u1ea5n, gi\u00fap c\u1eeda v\u1eadn h\u00e0nh nh\u1eb9 nh\u00e0ng, kh\u00f4ng g\u00e2y ra ti\u1ebfng \u1ed3n, t\u1ea1o c\u1ea3m gi\u00e1c tho\u1ea3i m\u00e1i cho ng\u01b0\u1eddi s\u1eed d\u1ee5ng.<\/li>\n\n\n\n<li><strong>T\u00ednh n\u0103ng an to\u00e0n<\/strong>: Nhi\u1ec1u m\u1eabu c\u1eeda cu\u1ed1n \u0110\u1ee9c t\u00edch h\u1ee3p h\u1ec7 th\u1ed1ng ch\u1ed1ng sao ch\u00e9p m\u00e3 kh\u00f3a, t\u1ef1 \u0111\u1ed9ng d\u1eebng khi g\u1eb7p v\u1eadt c\u1ea3n, \u0111\u1ea3m b\u1ea3o an to\u00e0n tuy\u1ec7t \u0111\u1ed1i cho ng\u01b0\u1eddi s\u1eed d\u1ee5ng. M\u1ed9t s\u1ed1 d\u00f2ng c\u1eeda c\u00f2n c\u00f3 kh\u1ea3 n\u0103ng k\u1ebft n\u1ed1i v\u1edbi c\u00e1c thi\u1ebft b\u1ecb th\u00f4ng minh, gi\u00fap ng\u01b0\u1eddi d\u00f9ng \u0111i\u1ec1u khi\u1ec3n c\u1eeda t\u1eeb xa qua \u0111i\u1ec7n tho\u1ea1i di \u0111\u1ed9ng.<\/li>\n<\/ul>\n\n\n\n<p><strong>\u01afu \u0111i\u1ec3m c\u1ee7a c\u1eeda cu\u1ed1n \u0110\u1ee9c<\/strong>:<\/p>\n\n\n\n<ul class=\"wp-block-list\">\n<li><strong>\u0110\u1ed9 b\u1ec1n cao<\/strong>: V\u1edbi ch\u1ea5t li\u1ec7u nh\u00f4m h\u1ee3p kim v\u00e0 c\u00f4ng ngh\u1ec7 s\u1ea3n xu\u1ea5t ti\u00ean ti\u1ebfn, c\u1eeda cu\u1ed1n \u0110\u1ee9c c\u00f3 \u0111\u1ed9 b\u1ec1n v\u01b0\u1ee3t tr\u1ed9i, kh\u00f4ng b\u1ecb bi\u1ebfn d\u1ea1ng d\u01b0\u1edbi t\u00e1c \u0111\u1ed9ng c\u1ee7a ngo\u1ea1i l\u1ef1c hay th\u1eddi ti\u1ebft.<\/li>\n\n\n\n<li><strong>An to\u00e0n t\u1ed1i \u0111a<\/strong>: T\u00ednh n\u0103ng b\u1ea3o m\u1eadt cao c\u00f9ng v\u1edbi h\u1ec7 th\u1ed1ng c\u1ea3m bi\u1ebfn t\u1ef1 \u0111\u1ed9ng gi\u00fap c\u1eeda cu\u1ed1n \u0110\u1ee9c \u0111\u1ea3m b\u1ea3o an to\u00e0n cho c\u1ea3 ng\u01b0\u1eddi v\u00e0 t\u00e0i s\u1ea3n b\u00ean trong.<\/li>\n\n\n\n<li><strong>Thi\u1ebft k\u1ebf th\u1ea9m m\u1ef9<\/strong>: C\u1eeda cu\u1ed1n \u0110\u1ee9c th\u01b0\u1eddng c\u00f3 thi\u1ebft k\u1ebf hi\u1ec7n \u0111\u1ea1i, sang tr\u1ecdng v\u1edbi nhi\u1ec1u m\u00e0u s\u1eafc v\u00e0 ki\u1ec3u d\u00e1ng \u0111a d\u1ea1ng, ph\u00f9 h\u1ee3p v\u1edbi c\u00e1c c\u00f4ng tr\u00ecnh cao c\u1ea5p.<\/li>\n<\/ul>\n","protected":false},"excerpt":{"rendered":"<p>1. C\u1eeda Cu\u1ed1n \u0110\u1ee9c C\u1eeda cu\u1ed1n \u0110\u1ee9c l\u00e0 d\u00f2ng c\u1eeda cu\u1ed1n cao c\u1ea5p, \u0111\u01b0\u1ee3c s\u1ea3n<\/p>\n","protected":false},"author":1,"featured_media":0,"parent":0,"menu_order":0,"comment_status":"closed","ping_status":"closed","template":"","meta":{"footnotes":""},"class_list":["post-128","page","type-page","status-publish","hentry"],"_links":{"self":[{"href":"https:\/\/dichvusuacuasaigon.com\/index.php\/wp-json\/wp\/v2\/pages\/128","targetHints":{"allow":["GET"]}}],"collection":[{"href":"https:\/\/dichvusuacuasaigon.com\/index.php\/wp-json\/wp\/v2\/pages"}],"about":[{"href":"https:\/\/dichvusuacuasaigon.com\/index.php\/wp-json\/wp\/v2\/types\/page"}],"author":[{"embeddable":true,"href":"https:\/\/dichvusuacuasaigon.com\/index.php\/wp-json\/wp\/v2\/users\/1"}],"replies":[{"embeddable":true,"href":"https:\/\/dichvusuacuasaigon.com\/index.php\/wp-json\/wp\/v2\/comments?post=128"}],"version-history":[{"count":2,"href":"https:\/\/dichvusuacuasaigon.com\/index.php\/wp-json\/wp\/v2\/pages\/128\/revisions"}],"predecessor-version":[{"id":280,"href":"https:\/\/dichvusuacuasaigon.com\/index.php\/wp-json\/wp\/v2\/pages\/128\/revisions\/280"}],"wp:attachment":[{"href":"https:\/\/dichvusuacuasaigon.com\/index.php\/wp-json\/wp\/v2\/media?parent=128"}],"curies":[{"name":"wp","href":"https:\/\/api.w.org\/{rel}","templated":true}]}}